{"id":260,"date":"2016-11-14T16:28:35","date_gmt":"2016-11-14T15:28:35","guid":{"rendered":"http:\/\/130.180.89.78\/sachse\/hochbau\/?page_id=260"},"modified":"2022-11-03T11:45:14","modified_gmt":"2022-11-03T10:45:14","slug":"impressum","status":"publish","type":"page","link":"http:\/\/www.sachse-hochbau.de\/index.php\/impressum\/","title":{"rendered":"Impressum\/Datenschutzerkl\u00e4rung"},"content":{"rendered":"<h1>Bauunternehmung Carsten Sachse GmbH &amp; Co. KG<\/h1>\n<h2>lmpressum<\/h2>\n<p>Angaben gem\u00e4\u00df \u00a7 5 TMG<\/p>\n<p><strong>Bauunternehmung Carsten Sachse GmbH &amp; Co. KG<\/strong><\/p>\n<p><strong>Friedrich-Ebert-Stra\u00dfe 107a<\/strong><\/p>\n<p><strong>58454 Witten<\/strong><\/p>\n<h2>Telefon:<\/h2>\n<p><a href=\"tel:0230262219\">02302\/62219<\/a><\/p>\n<h2>E-Mail:<\/h2>\n<p><a href=\"mailto:sachse-hochbau@t-online.de\">sachse-hochbau@t-online.de<\/a><\/p>\n<h2>Internet:<\/h2>\n<p><a href=\"sachse-hochbau.de\">sachse-hochbau.de<\/a><\/p>\n<h2>Inhaltlich verantwortlich:<\/h2>\n<p>Carsten Sachse<\/p>\n<h2>Gesch\u00e4ftsf\u00fchrung:<\/h2>\n<p>Dipl. Bau-Ing., Dipl. Wirt-Ing. Carsten Sachse<\/p>\n<h2>Handelsregister:<\/h2>\n<p>Kommanditgesellschaft, Sitz Witten, Amtsgericht Bochum HRA 4693<br \/>\nPers\u00f6nlich haftende Gesellschafterin: Sachse GmbH, Sitz Witten, Amtsgericht Bochum HRB 8483<\/p>\n<h2>Ust-ldNr.:<\/h2>\n<p>DE170238719<\/p>\n<h2>Haftungshinweis:<\/h2>\n<p>Trotz sorgf\u00e4ltiger inhaltlicher Kontrolle \u00fcbernehmen wir keine Haftung f\u00fcr die Inhalte externer Links.<br \/>\nF\u00fcr den Inhalt der verlinkten Seite sind ausschlie\u00dflich deren Betreiber verantwortlich.<\/p>\n<h2>Copyright:<\/h2>\n<p>Alle Rechte vorbehalten. Ohne Zustimmung von der Bauunternehmung Carsten Sachse GmbH &amp; Co. KG ist es verboten, textliche und fotografische Inhalte dieser Internetseite im Ganzen oder in Teilen zu nutzen, zu vervielf\u00e4ltigen, zu verbreiten oder zu verwerfen. Die Inhalte d\u00fcrfen nicht ver\u00e4ndert oder bearbeitet werden.<\/p>\n<h2>Konzept, Design &amp; Programmierung:<\/h2>\n<p>Bugo Computersysteme Witten<\/p>\n<h2>Datenschutzerkl\u00e4rung<\/h2>\n<p>Verantwortliche Stelle im Sinne der Datenschutzgesetze ist:<\/p>\n<h2>Bauunternehmung Carsten Sachse GmbH &amp; Co. KG<\/h2>\n<p>Wenn Sie auf unsere Webseite zugreifen, werden automatisch Informationen allgemeiner Natur erfasst. Diese Informationen (Server-Logfiles) beinhalten etwa die Art des Webbrowsers, das verwendete Betriebssystem, den Domainnamen Ihres Internet ServiceProviders und \u00c4hnliches. Hierbei handelt es sich ausschlie\u00dflich um Informationen, welche keine R\u00fcckschl\u00fcsse auf Ihre Person zulassen. Diese Informationen sind technisch notwendig,um von Ihnen angeforderte Inhalte von Webseiten korrekt auszuliefern und fallen bei Nutzung des Internets zwingend an. Anonyme Informationen dieser Art werden von uns statistisch ausgewertet, um unseren Internetauftritt und die dahinterstehende Technik zu optimieren.<\/p>\n<h2>Cookies<\/h2>\n<p>Wie viele andere Webseiten verwenden wir auch so genannte ,,Cookies&#8220;. Cookies sind kleine Textdateien, die von einem Webseitenserver auf Ihre Festplatte \u00fcbertragen werden. Hierdurch erhalten wir automatisch bestimmte Daten wie z. B. IP-Adresse, verwendeter Browser,Betriebssystem \u00fcber Ihren Computer und Ihre Verbindung zum Internet.<\/p>\n<p>Cookies k\u00f6nnen nicht verwendet werden, um Programme zu starten oder Viren auf einen Computer zu \u00fcbertragen. Anhand der in Cookies enthaltenen Informationen k\u00f6nnen wir Ihnen die Navigation erleichtern und die korrekte Anzeige unserer Webseiten erm\u00f6glichen.<\/p>\n<p>In keinem Fall werden die von uns erfassten Daten an Dritte weitergegeben oder ohne Ihre Einwilligung eine Verkn\u00fcpfung mit personenbezogenen Daten hergestellt.<\/p>\n<p>Nat\u00fcrlich k\u00f6nnen Sie unsere Website grunds\u00e4tzlich auch ohne Cookies betrachten. Internet-Browser sind regelm\u00e4\u00dfig so eingestellt, dass sie Cookies akzeptieren. Sie k\u00f6nnen die Verwendung von Cookies jederzeit \u00fcber die Einstellungen Ihres Browsers deaktivieren. Bitte verwenden Sie die Hilfefunktionen Ihres Internetbrowsers, um zu erfahren, wie Sie diese Einstellungen \u00e4ndern k\u00f6nnen. Bitte beachten Sie, dass einzelne Funktionen unserer Website m\u00f6glicherweise nicht funktionieren, wenn Sie die Verwendung von Cookies deaktiviert haben.<\/p>\n<h2>SSL-Verschl\u00fcsselung<\/h2>\n<p>Um die Sicherheit Ihrer Daten bei der \u00dcbertragung zu sch\u00fctzen, verwenden wir dem aktuellen Stand der Technik entsprechende Verschl\u00fcsselungsverfahren (2. B. SSL) \u00fcber HTTPS.<\/p>\n<h2>L\u00f6schung bzw. Sperrung der Daten<\/h2>\n<p>Wir halten uns an die Grunds\u00e4tze der Datenvermeidung und Datensparsamkeit. Wir speichern Ihre personenbezogenen Daten daher nur so lange, wie dies zur Erreichung der hier genannten Zwecke erforderlich ist oder wie es die vom Gesetzgeber vorgesehenen vielf\u00e4ltigen Speicherfristen vorsehen. Nach Fortfall des jeweiligen Zweckes bzw. Ablauf dieser Fristen werden die entsprechenden Daten routinem\u00e4\u00dfig und entsprechend den gesetzlichen Vorschriften gesperrt oder gel\u00f6scht.<\/p>\n<h2>Ihre Rechte auf Auskunft, Berichtigung, Sperre, L\u00f6schung und Widerspruch<\/h2>\n<p>Sie haben das Recht, jederzeit Auskunft \u00fcber Ihre bei uns gespeicherten personenbezogenen Daten zu erhalten. Ebenso haben Sie das Recht auf Berichtigung, Sperrung oder, abgesehen von der vorgeschriebenen Datenspeicherung zur Gesch\u00e4ftsabwicklung, L\u00f6schung Ihrer personenbezogenen Daten.<br \/>\nBitte wenden Sie sich dazu an unseren Datenschutzbeauftragten. Die Kontaktdaten finden Sie ganz unten.<br \/>\nDamit eine Sperre von Daten jederzeit ber\u00fccksichtigt werden kann, m\u00fcssen diese Daten zu Kontrollzwecken in einer Sperrdatei vorgehalten werden.<br \/>\nSie k\u00f6nnen auch die L\u00f6schung der Daten verlangen,soweit keine gesetzliche Archivierungsverpflichtung besteht.<br \/>\nSoweit eine solche Verpflichtung besteht, sperren wir Ihre Daten auf Wunsch.<br \/>\nSie k\u00f6nnen \u00c4nderungen oder den Widerruf einer Einwilligung durch entsprechende Mitteilung an uns mit Wirkung f\u00fcr die Zukunft vornehmen.<\/p>\n<h2>\u00c4nderung unserer Datenschutzbestimmungen<\/h2>\n<p>Wir behalten uns vor, diese Datenschutzerkl\u00e4rung gelegentlich anzupassen, damit sie stets den aktuellen rechtlichen Anforderungen entspricht oder um \u00c4nderungen unserer Leistungen in der Datenschutzerkl\u00e4rung umzusetzen, z.B. bei der Einf\u00fchrung neuer Services. F\u00fcr Ihren erneuten Besuch gilt dann die neue Datenschutzerkl\u00e4rung.<\/p>\n<p>Wenn Sie Fragen zum Datenschutz haben, schreiben Sie uns bitte eine E-Mail oder wenden Sie sich direkt an:<\/p>\n<p>Carsten Sachse<\/p>\n<p>Die Datenschutzerkl\u00e4rung wurde mit dem Datenschutzerkl\u00e4rungs-Generator der activeMindAG erstellt.<\/p>\n<hr \/>\n<h6>Und wenn Sie einen Sportplatz oder einen Tennisplatz bauen m\u00f6chten&#8230;<a href=\"http:\/\/www.sachse-sportplatzbau.de\/\"><img decoding=\"async\" loading=\"lazy\" class=\"alignright wp-image-239\" src=\"http:\/\/www.sachse-hochbau.de\/wp-content\/uploads\/2016\/07\/logoSachseSB-300x212.png\" width=\"150\" height=\"106\" srcset=\"http:\/\/www.sachse-hochbau.de\/wp-content\/uploads\/2016\/07\/logoSachseSB-300x212.png 300w, http:\/\/www.sachse-hochbau.de\/wp-content\/uploads\/2016\/07\/logoSachseSB-768x543.png 768w, http:\/\/www.sachse-hochbau.de\/wp-content\/uploads\/2016\/07\/logoSachseSB-1024x724.png 1024w\" sizes=\"(max-width: 150px) 100vw, 150px\" \/><\/a><br \/>\nDann stehen wir Ihnen auch dabei mit Rat und Tat zur Seite.<br \/>\nKlicken Sie einfach rechts auf das Logo:<\/h6>\n","protected":false},"excerpt":{"rendered":"<p>Bauunternehmung Carsten Sachse GmbH &amp; Co. KG lmpressum Angaben gem\u00e4\u00df \u00a7 5 TMG Bauunternehmung Carsten Sachse GmbH &amp; Co. KG Friedrich-Ebert-Stra\u00dfe 107a 58454 Witten Telefon: 02302\/62219 E-Mail: sachse-hochbau@t-online.de Internet: sachse-hochbau.de Inhaltlich verantwortlich: Carsten Sachse Gesch\u00e4ftsf\u00fchrung: Dipl. Bau-Ing., Dipl. Wirt-Ing. Carsten Sachse Handelsregister: Kommanditgesellschaft, Sitz Witten, Amtsgericht Bochum HRA 4693 Pers\u00f6nlich haftende Gesellschafterin: Sachse GmbH, Sitz <a class=\"read-more\" href=\"http:\/\/www.sachse-hochbau.de\/index.php\/impressum\/\">Read More&#8230;<\/a><\/p>\n","protected":false},"author":1,"featured_media":0,"parent":0,"menu_order":0,"comment_status":"closed","ping_status":"closed","template":"","meta":[],"_links":{"self":[{"href":"http:\/\/www.sachse-hochbau.de\/index.php\/wp-json\/wp\/v2\/pages\/260"}],"collection":[{"href":"http:\/\/www.sachse-hochbau.de\/index.php\/wp-json\/wp\/v2\/pages"}],"about":[{"href":"http:\/\/www.sachse-hochbau.de\/index.php\/wp-json\/wp\/v2\/types\/page"}],"author":[{"embeddable":true,"href":"http:\/\/www.sachse-hochbau.de\/index.php\/wp-json\/wp\/v2\/users\/1"}],"replies":[{"embeddable":true,"href":"http:\/\/www.sachse-hochbau.de\/index.php\/wp-json\/wp\/v2\/comments?post=260"}],"version-history":[{"count":15,"href":"http:\/\/www.sachse-hochbau.de\/index.php\/wp-json\/wp\/v2\/pages\/260\/revisions"}],"predecessor-version":[{"id":408,"href":"http:\/\/www.sachse-hochbau.de\/index.php\/wp-json\/wp\/v2\/pages\/260\/revisions\/408"}],"wp:attachment":[{"href":"http:\/\/www.sachse-hochbau.de\/index.php\/wp-json\/wp\/v2\/media?parent=260"}],"curies":[{"name":"wp","href":"https:\/\/api.w.org\/{rel}","templated":true}]}}