{"id":242,"date":"2016-11-14T16:04:36","date_gmt":"2016-11-14T15:04:36","guid":{"rendered":"http:\/\/130.180.89.78\/sachse\/hochbau\/?page_id=242"},"modified":"2019-12-21T12:26:31","modified_gmt":"2019-12-21T11:26:31","slug":"kontakt","status":"publish","type":"page","link":"https:\/\/www.sachse-hochbau.de\/index.php\/kontakt\/","title":{"rendered":"Kontakt"},"content":{"rendered":"<h2>Und wann bauen wir f\u00fcr Sie?<\/h2>\n<p><strong>Kontakt:<\/strong><br \/>\nBauunternehmung Carsten Sachse GmbH &amp; Co. KG<br \/>\nFriedrich-Ebert-Sra\u00dfe 107a<br \/>\n58454 Witten-R\u00fcdinghausen<br \/>\n<strong>Tel: 02302-62219<\/strong><br \/>\n<strong>Fax: 02302-60797<\/strong><\/p>\n<p><strong>B\u00fcrozeiten:<\/strong><\/p>\n<table>\n<colgroup>\n<col width=\"80\" \/>\n<col width=\"100\" \/>\n<col width=\"320\" \/> <\/colgroup>\n<tbody>\n<tr>\n<td><strong>Mo-Do<\/strong><\/td>\n<td><strong>von 8:00 bis 17:00 Uhr<\/strong><\/td>\n<\/tr>\n<tr>\n<td><strong>Fr<\/strong><\/td>\n<td><strong>von 8:00 bis 14:00 Uhr<\/strong><\/td>\n<\/tr>\n<\/tbody>\n<\/table>\n<p><!--<iframe loading=\"lazy\" src=\"http:\/\/www.sachse-hochbau.de\/kontaktform.html\" width=\"80%\" height=\"500px\" frameborder=\"0\" scrolling=\"no\"><\/iframe> --><\/p>\n<hr \/>\n<h6>Und wenn Sie einen Sportplatz oder einen Tennisplatz bauen m\u00f6chten&#8230;<a href=\"http:\/\/www.sachse-sportplatzbau.de\/\"><img decoding=\"async\" loading=\"lazy\" class=\"alignright wp-image-239\" src=\"http:\/\/www.sachse-hochbau.de\/wp-content\/uploads\/2016\/07\/logoSachseSB-300x212.png\" width=\"150\" height=\"106\" srcset=\"https:\/\/www.sachse-hochbau.de\/wp-content\/uploads\/2016\/07\/logoSachseSB-300x212.png 300w, https:\/\/www.sachse-hochbau.de\/wp-content\/uploads\/2016\/07\/logoSachseSB-768x543.png 768w, https:\/\/www.sachse-hochbau.de\/wp-content\/uploads\/2016\/07\/logoSachseSB-1024x724.png 1024w\" sizes=\"(max-width: 150px) 100vw, 150px\" \/><\/a><br \/>\nDann stehen wir Ihnen auch dabei mit Rat und Tat zur Seite.<br \/>\nKlicken Sie einfach rechts auf das Logo:<\/h6>\n<p>&nbsp;<\/p>\n","protected":false},"excerpt":{"rendered":"<p>Und wann bauen wir f\u00fcr Sie? Kontakt: Bauunternehmung Carsten Sachse GmbH &amp; Co. KG Friedrich-Ebert-Sra\u00dfe 107a 58454 Witten-R\u00fcdinghausen Tel: 02302-62219 Fax: 02302-60797 B\u00fcrozeiten: Mo-Do von 8:00 bis 17:00 Uhr Fr von 8:00 bis 14:00 Uhr Und wenn Sie einen Sportplatz oder einen Tennisplatz bauen m\u00f6chten&#8230; Dann stehen wir Ihnen auch dabei mit Rat und Tat <a class=\"read-more\" href=\"https:\/\/www.sachse-hochbau.de\/index.php\/kontakt\/\">Read More&#8230;<\/a><\/p>\n","protected":false},"author":1,"featured_media":0,"parent":0,"menu_order":0,"comment_status":"closed","ping_status":"closed","template":"","meta":[],"_links":{"self":[{"href":"https:\/\/www.sachse-hochbau.de\/index.php\/wp-json\/wp\/v2\/pages\/242"}],"collection":[{"href":"https:\/\/www.sachse-hochbau.de\/index.php\/wp-json\/wp\/v2\/pages"}],"about":[{"href":"https:\/\/www.sachse-hochbau.de\/index.php\/wp-json\/wp\/v2\/types\/page"}],"author":[{"embeddable":true,"href":"https:\/\/www.sachse-hochbau.de\/index.php\/wp-json\/wp\/v2\/users\/1"}],"replies":[{"embeddable":true,"href":"https:\/\/www.sachse-hochbau.de\/index.php\/wp-json\/wp\/v2\/comments?post=242"}],"version-history":[{"count":25,"href":"https:\/\/www.sachse-hochbau.de\/index.php\/wp-json\/wp\/v2\/pages\/242\/revisions"}],"predecessor-version":[{"id":362,"href":"https:\/\/www.sachse-hochbau.de\/index.php\/wp-json\/wp\/v2\/pages\/242\/revisions\/362"}],"wp:attachment":[{"href":"https:\/\/www.sachse-hochbau.de\/index.php\/wp-json\/wp\/v2\/media?parent=242"}],"curies":[{"name":"wp","href":"https:\/\/api.w.org\/{rel}","templated":true}]}}