{"id":6,"date":"2016-07-07T16:11:21","date_gmt":"2016-07-07T14:11:21","guid":{"rendered":"http:\/\/192.168.0.67\/sachse\/?page_id=6"},"modified":"2018-05-18T17:22:20","modified_gmt":"2018-05-18T15:22:20","slug":"unser-unternehmen","status":"publish","type":"page","link":"https:\/\/www.sachse-hochbau.de\/index.php\/unser-unternehmen\/","title":{"rendered":"Unser Unternehmen"},"content":{"rendered":"<div class=\"text-content graphic_textbox_layout_style_default_External_370_339\" style=\"text-align: right;\">\n<div class=\"graphic_textbox_layout_style_default\" style=\"text-align: left;\">\n<h3>Unternehmensgeschichte<\/h3>\n<p>&nbsp;<\/p>\n<p><img decoding=\"async\" loading=\"lazy\" class=\"alignright wp-image-150 size-medium\" src=\"http:\/\/www.sachse-hochbau.de\/wp-content\/uploads\/2016\/07\/sachse-hochbau-gebaeude-300x241.jpg\" width=\"300\" height=\"241\" srcset=\"https:\/\/www.sachse-hochbau.de\/wp-content\/uploads\/2016\/07\/sachse-hochbau-gebaeude-300x241.jpg 300w, https:\/\/www.sachse-hochbau.de\/wp-content\/uploads\/2016\/07\/sachse-hochbau-gebaeude-768x618.jpg 768w, https:\/\/www.sachse-hochbau.de\/wp-content\/uploads\/2016\/07\/sachse-hochbau-gebaeude.jpg 1024w\" sizes=\"(max-width: 300px) 100vw, 300px\" \/><\/p>\n<p>Zum 1. Januar 1995 \u00fcbernahm Carsten Sachse eine alteingesessene Wittener Bauunternehmung, sowie die komplette Belegschaft. Im April 1998 konnte dann der Sitz der Firma vom Wullener Feld in die Friedrich-Ebert Stra\u00dfe 107a verlegt werden. Wie vielen Wittenern bekannt, befindet sich in der Friedrich-Ebert Stra\u00dfe 109 die Sportplatzbaufirma des Vaters. Durch die \u00f6rtliche Zusammenlegung der beiden Familienunternehmen ergaben sich f\u00fcr beide Firmen viele Vorteile.<\/p>\n<\/div>\n<\/div>\n<div class=\"graphic_textbox_layout_style_default\" style=\"text-align: left;\"><\/div>\n<div class=\"graphic_textbox_layout_style_default\" style=\"text-align: left;\">Als ausgebildeter Diplom-Bauingenieur und Inhaber der Bauunternehmung kann Carsten Sachse Sie bei allen technischen Fragen rund um den Hochbau bestens beraten. Denn auch er kann bereits auf 20 Jahre Erfahrung im Hochbau zur\u00fcckgreifen.<\/div>\n<div class=\"text-content graphic_textbox_layout_style_default_External_370_339\" style=\"text-align: right;\">\n<h3 style=\"text-align: left;\">Unternehmensphilosophie<img decoding=\"async\" loading=\"lazy\" class=\"wp-image-151 size-medium alignleft\" src=\"http:\/\/www.sachse-hochbau.de\/wp-content\/uploads\/2016\/07\/sachse-KITA-Bommern-300x225.jpg\" width=\"300\" height=\"225\" srcset=\"https:\/\/www.sachse-hochbau.de\/wp-content\/uploads\/2016\/07\/sachse-KITA-Bommern-300x225.jpg 300w, https:\/\/www.sachse-hochbau.de\/wp-content\/uploads\/2016\/07\/sachse-KITA-Bommern-768x576.jpg 768w, https:\/\/www.sachse-hochbau.de\/wp-content\/uploads\/2016\/07\/sachse-KITA-Bommern-1024x768.jpg 1024w\" sizes=\"(max-width: 300px) 100vw, 300px\" \/><\/h3>\n<div id=\"id6\" class=\"style_SkipStroke_3\" style=\"text-align: left;\">\n<div class=\"text-content graphic_textbox_layout_style_default_External_365_400\">\n<div class=\"graphic_textbox_layout_style_default\">Als mittelst\u00e4ndisches Familienunternehmen legen wir &#8211; die Bauunternehmung Carsten Sachse GmbH &amp; Co. KG &#8211; gr\u00f6\u00dften Wert auf kompetente Beratung sowie eine fachgerechte Ausf\u00fchrung ihrer Bauma\u00dfnahme. Seit mehr als 20 Jahren sind wir in Witten und im mittleren Ruhrgebiet erfolgreich im Hochbau t\u00e4tig.<\/div>\n<div class=\"graphic_textbox_layout_style_default\"><\/div>\n<div class=\"graphic_textbox_layout_style_default\">Dabei verf\u00fcgen wir nicht nur \u00fcber einen gro\u00dfen Erfahrungsschatz im klassischen Hochbau sondern auch \u00fcber ein gut ausgebildetes Stammpersonal. Das sich unser Fuhrpark und unsere technische Maschinenausstattung auf dem neuesten Stand befindet versteht sich von selbst.<\/div>\n<\/div>\n<\/div>\n<div class=\"spacer\"><\/div>\n<div id=\"footer_layer\" style=\"text-align: left;\"><\/div>\n<\/div>\n<hr \/>\n<h6>Und wenn Sie einen Sportplatz oder einen Tennisplatz bauen m\u00f6chten&#8230;<a href=\"http:\/\/www.sachse-sportplatzbau.de\/\"><img decoding=\"async\" loading=\"lazy\" class=\"alignright wp-image-239\" src=\"http:\/\/www.sachse-hochbau.de\/wp-content\/uploads\/2016\/07\/logoSachseSB-300x212.png\" width=\"150\" height=\"106\" srcset=\"https:\/\/www.sachse-hochbau.de\/wp-content\/uploads\/2016\/07\/logoSachseSB-300x212.png 300w, https:\/\/www.sachse-hochbau.de\/wp-content\/uploads\/2016\/07\/logoSachseSB-768x543.png 768w, https:\/\/www.sachse-hochbau.de\/wp-content\/uploads\/2016\/07\/logoSachseSB-1024x724.png 1024w\" sizes=\"(max-width: 150px) 100vw, 150px\" \/><\/a><br \/>\nDann stehen wir Ihnen auch dabei mit Rat und Tat zur Seite.<br \/>\nKlicken Sie einfach rechts auf das Logo:<\/h6>\n<p>&nbsp;<\/p>\n","protected":false},"excerpt":{"rendered":"<p>Unternehmensgeschichte &nbsp; Zum 1. Januar 1995 \u00fcbernahm Carsten Sachse eine alteingesessene Wittener Bauunternehmung, sowie die komplette Belegschaft. Im April 1998 konnte dann der Sitz der Firma vom Wullener Feld in die Friedrich-Ebert Stra\u00dfe 107a verlegt werden. Wie vielen Wittenern bekannt, befindet sich in der Friedrich-Ebert Stra\u00dfe 109 die Sportplatzbaufirma des Vaters. Durch die \u00f6rtliche Zusammenlegung <a class=\"read-more\" href=\"https:\/\/www.sachse-hochbau.de\/index.php\/unser-unternehmen\/\">Read More&#8230;<\/a><\/p>\n","protected":false},"author":1,"featured_media":0,"parent":0,"menu_order":0,"comment_status":"closed","ping_status":"closed","template":"","meta":[],"_links":{"self":[{"href":"https:\/\/www.sachse-hochbau.de\/index.php\/wp-json\/wp\/v2\/pages\/6"}],"collection":[{"href":"https:\/\/www.sachse-hochbau.de\/index.php\/wp-json\/wp\/v2\/pages"}],"about":[{"href":"https:\/\/www.sachse-hochbau.de\/index.php\/wp-json\/wp\/v2\/types\/page"}],"author":[{"embeddable":true,"href":"https:\/\/www.sachse-hochbau.de\/index.php\/wp-json\/wp\/v2\/users\/1"}],"replies":[{"embeddable":true,"href":"https:\/\/www.sachse-hochbau.de\/index.php\/wp-json\/wp\/v2\/comments?post=6"}],"version-history":[{"count":81,"href":"https:\/\/www.sachse-hochbau.de\/index.php\/wp-json\/wp\/v2\/pages\/6\/revisions"}],"predecessor-version":[{"id":359,"href":"https:\/\/www.sachse-hochbau.de\/index.php\/wp-json\/wp\/v2\/pages\/6\/revisions\/359"}],"wp:attachment":[{"href":"https:\/\/www.sachse-hochbau.de\/index.php\/wp-json\/wp\/v2\/media?parent=6"}],"curies":[{"name":"wp","href":"https:\/\/api.w.org\/{rel}","templated":true}]}}